{"id":185,"date":"2021-10-22T09:12:40","date_gmt":"2021-10-22T09:12:40","guid":{"rendered":"http:\/\/www.opticalamar.com\/?page_id=185"},"modified":"2024-06-21T13:17:50","modified_gmt":"2024-06-21T11:17:50","slug":"imprint","status":"publish","type":"page","link":"https:\/\/www.opticalamar.com\/de\/impressum\/","title":{"rendered":"Impressum"},"content":{"rendered":"<p>In Erf\u00fcllung der Informationspflicht gem\u00e4\u00df Artikel 10 des Gesetzes 34\/2002 vom 11. Juli \u00fcber die Dienstleistungen der Informationsgesellschaft und den elektronischen Handel (LSSICE) informiert Sie der Inhaber der Website https:\/\/www.opticalamar.com\/ \u00fcber Folgendes:<\/p>\n<p>&#8211; Name des Unternehmens: \u00d3ptica La Mar S.L.<br \/>\n&#8211; STEUERNUMMER: B07832371<br \/>\n&#8211; Anschrift: Paseo Maritimo, Edf Sharg Local 3, 07840 &#8211; Santa Eulalia Del Rio (Illes Balears)<br \/>\n&#8211; Eingetragen im Handelsregister von Eivissa, Band 31, Folio 105, Sektion 8, Blatt 1446, Eintragung 1.<\/p>\n<p>https:\/\/www.opticalamar.com\/ \u00fcbernimmt im Rahmen der gesetzlichen Bestimmungen keine Haftung f\u00fcr die Unrichtigkeit, Vollst\u00e4ndigkeit, Aktualisierung und Richtigkeit der auf seinen Internetseiten enthaltenen Daten und Informationen.<\/p>\n<p>Die Inhalte und Informationen binden weder https:\/\/www.opticalamar.com\/ noch stellen sie Meinungen, Ratschl\u00e4ge oder Rechtsausk\u00fcnfte jeglicher Art dar, da es sich lediglich um einen Service handelt, der zu Informations- und Verbreitungszwecken angeboten wird.<\/p>\n<p>Die Internet-Seiten von https:\/\/www.opticalamar.com\/ k\u00f6nnen Links zu anderen Seiten Dritter enthalten, auf die https:\/\/www.opticalamar.com\/ keinen Einfluss hat. Daher kann https:\/\/www.opticalamar.com\/ keine Verantwortung f\u00fcr die Inhalte \u00fcbernehmen, die auf den Seiten Dritter erscheinen.<\/p>\n<p>Die Texte, Bilder, T\u00f6ne, Animationen, Software und sonstigen Inhalte dieser Website sind ausschlie\u00dfliches Eigentum von https:\/\/www.opticalamar.com\/ oder seiner Lizenzgeber. Jegliche \u00dcbertragung, Verteilung, Weitergabe, Vervielf\u00e4ltigung, Speicherung oder vollst\u00e4ndige oder teilweise \u00f6ffentliche Bekanntmachung bedarf der ausdr\u00fccklichen Zustimmung von https:\/\/www.opticalamar.com\/.<\/p>\n<p>Um Zugang zu einigen der Dienstleistungen zu erhalten, die https:\/\/www.opticalamar.com\/ \u00fcber die Website anbietet, m\u00fcssen Sie ebenfalls einige pers\u00f6nliche Daten angeben. In \u00dcbereinstimmung mit den Bestimmungen der Verordnung (EU) 2016\/679 des Europ\u00e4ischen Parlaments und des Rates vom 27. April 2016 zum Schutz nat\u00fcrlicher Personen bei der Verarbeitung personenbezogener Daten und zum freien Datenverkehr informieren wir Sie dar\u00fcber, dass durch das Ausf\u00fcllen dieser Formulare Ihre personenbezogenen Daten in den Dateien von \u00d3ptica La Mar S.L. gespeichert und verarbeitet werden, um Ihnen unsere Dienstleistungen anzubieten und Sie \u00fcber Verbesserungen der Website zu informieren. Wir informieren Sie auch \u00fcber die M\u00f6glichkeit, Ihre Rechte auf Zugang, Berichtigung, L\u00f6schung und Widerspruch bez\u00fcglich Ihrer personenbezogenen Daten kostenlos per E-Mail an info@opticalamar.com oder an die Adresse Paseo Maritimo, Edf Sharg Local 3, 07840 &#8211; Santa Eulalia Del Rio (Illes Balears) auszu\u00fcben.<\/p>","protected":false},"excerpt":{"rendered":"<p>In Erf\u00fcllung der Informationspflicht gem\u00e4\u00df Artikel 10 des Gesetzes 34\/2002 vom 11. Juli \u00fcber die &hellip;<\/p>\n","protected":false},"author":6,"featured_media":0,"parent":0,"menu_order":0,"comment_status":"closed","ping_status":"closed","template":"","meta":{"footnotes":""},"class_list":["post-185","page","type-page","status-publish","hentry"],"_links":{"self":[{"href":"https:\/\/www.opticalamar.com\/de\/wp-json\/wp\/v2\/pages\/185","targetHints":{"allow":["GET"]}}],"collection":[{"href":"https:\/\/www.opticalamar.com\/de\/wp-json\/wp\/v2\/pages"}],"about":[{"href":"https:\/\/www.opticalamar.com\/de\/wp-json\/wp\/v2\/types\/page"}],"author":[{"embeddable":true,"href":"https:\/\/www.opticalamar.com\/de\/wp-json\/wp\/v2\/users\/6"}],"replies":[{"embeddable":true,"href":"https:\/\/www.opticalamar.com\/de\/wp-json\/wp\/v2\/comments?post=185"}],"version-history":[{"count":6,"href":"https:\/\/www.opticalamar.com\/de\/wp-json\/wp\/v2\/pages\/185\/revisions"}],"predecessor-version":[{"id":556,"href":"https:\/\/www.opticalamar.com\/de\/wp-json\/wp\/v2\/pages\/185\/revisions\/556"}],"wp:attachment":[{"href":"https:\/\/www.opticalamar.com\/de\/wp-json\/wp\/v2\/media?parent=185"}],"curies":[{"name":"wp","href":"https:\/\/api.w.org\/{rel}","templated":true}]}}