{"id":185,"date":"2021-10-22T09:12:40","date_gmt":"2021-10-22T09:12:40","guid":{"rendered":"http:\/\/www.opticalamar.com\/?page_id=185"},"modified":"2024-06-21T13:17:50","modified_gmt":"2024-06-21T11:17:50","slug":"imprint","status":"publish","type":"page","link":"https:\/\/www.opticalamar.com\/es\/aviso-legal\/","title":{"rendered":"Aviso legal"},"content":{"rendered":"<p>En cumplimiento con el deber de informaci\u00f3n recogido en art\u00edculo 10 de la Ley 34\/2002, de 11 de julio, de Servicios de la Sociedad de la Informaci\u00f3n y del Comercio Electr\u00f3nico (LSSICE), el propietario de la web https:\/\/www.opticalamar.com\/, le informa de lo siguiente:<\/p>\n<p>\u2022 Denominaci\u00f3n social: \u00d3ptica La Mar S.L.<br \/>\n\u2022 NIF: B07832371<br \/>\n\u2022 Domicilio: Paseo Maritimo, Edf Sharg Local 3, 07840 &#8211; Santa Eulalia Del Rio (Illes Balears)<br \/>\n\u2022 Inscrita en el Registro Mercantil de Eivissa al Tomo 31, folio 105, secci\u00f3n 8, hoja n\u00famero 1446, inscripci\u00f3n 1<\/p>\n<p>Con los l\u00edmites establecidos en la ley, https:\/\/www.opticalamar.com\/ no asume ninguna responsabilidad derivada de la falta de veracidad, integridad, actualizaci\u00f3n y precisi\u00f3n de los datos o informaciones que se contienen en sus p\u00e1ginas de Internet.<\/p>\n<p>Los contenidos e informaci\u00f3n no vinculan a https:\/\/www.opticalamar.com\/ ni constituyen opiniones, consejos o asesoramiento legal de ning\u00fan tipo pues se trata meramente de un servicio ofrecido con car\u00e1cter informativo y divulgativo.<\/p>\n<p>Las p\u00e1ginas de Internet de https:\/\/www.opticalamar.com\/ pueden contener enlaces (links) a otras p\u00e1ginas de terceras partes que https:\/\/www.opticalamar.com\/ no puede controlar. Por lo tanto, https:\/\/www.opticalamar.com\/ no puede asumir responsabilidades por el contenido que pueda aparecer en p\u00e1ginas de terceros.<\/p>\n<p>Los textos, im\u00e1genes, sonidos, animaciones, software y el resto de contenidos incluidos en este website son propiedad exclusiva de https:\/\/www.opticalamar.com\/ o sus licenciantes. Cualquier acto de transmisi\u00f3n, distribuci\u00f3n, cesi\u00f3n, reproducci\u00f3n, almacenamiento o comunicaci\u00f3n p\u00fablica total o parcial, debe contar con el consentimiento expreso de https:\/\/www.opticalamar.com\/.<\/p>\n<p>Asimismo, para acceder a algunos de los servicios que https:\/\/www.opticalamar.com\/ ofrece a trav\u00e9s del website deber\u00e1 proporcionar algunos datos de car\u00e1cter personal. En cumplimiento de lo establecido en el Reglamento (UE) 2016\/679 del Parlamento Europeo y del Consejo, de 27 de abril de 2016, relativo a la protecci\u00f3n de las personas f\u00edsicas en lo que respecta al tratamiento de datos personales y a la libre circulaci\u00f3n de estos datos le informamos que, mediante la cumplimentaci\u00f3n de los presentes formularios, sus datos personales quedar\u00e1n incorporados y ser\u00e1n tratados en los ficheros de \u00d3ptica La Mar S.L. con el fin de poderle prestar y ofrecer nuestros servicios as\u00ed como para informarle de las mejoras del sitio Web. Asimismo, le informamos de la posibilidad de que ejerza los derechos de acceso, rectificaci\u00f3n, cancelaci\u00f3n y oposici\u00f3n de sus datos de car\u00e1cter personal, manera gratuita mediante email a info@opticalamar.com o en la direcci\u00f3n Paseo Maritimo, Edf Sharg Local 3, 07840 &#8211; Santa Eulalia Del Rio (Illes Balears).<\/p>","protected":false},"excerpt":{"rendered":"<p>En cumplimiento con el deber de informaci\u00f3n recogido en art\u00edculo 10 de la Ley 34\/2002, &hellip;<\/p>\n","protected":false},"author":6,"featured_media":0,"parent":0,"menu_order":0,"comment_status":"closed","ping_status":"closed","template":"","meta":{"footnotes":""},"class_list":["post-185","page","type-page","status-publish","hentry"],"_links":{"self":[{"href":"https:\/\/www.opticalamar.com\/es\/wp-json\/wp\/v2\/pages\/185","targetHints":{"allow":["GET"]}}],"collection":[{"href":"https:\/\/www.opticalamar.com\/es\/wp-json\/wp\/v2\/pages"}],"about":[{"href":"https:\/\/www.opticalamar.com\/es\/wp-json\/wp\/v2\/types\/page"}],"author":[{"embeddable":true,"href":"https:\/\/www.opticalamar.com\/es\/wp-json\/wp\/v2\/users\/6"}],"replies":[{"embeddable":true,"href":"https:\/\/www.opticalamar.com\/es\/wp-json\/wp\/v2\/comments?post=185"}],"version-history":[{"count":6,"href":"https:\/\/www.opticalamar.com\/es\/wp-json\/wp\/v2\/pages\/185\/revisions"}],"predecessor-version":[{"id":556,"href":"https:\/\/www.opticalamar.com\/es\/wp-json\/wp\/v2\/pages\/185\/revisions\/556"}],"wp:attachment":[{"href":"https:\/\/www.opticalamar.com\/es\/wp-json\/wp\/v2\/media?parent=185"}],"curies":[{"name":"wp","href":"https:\/\/api.w.org\/{rel}","templated":true}]}}